{"id":6043,"date":"2021-11-09T04:22:36","date_gmt":"2021-11-09T04:22:36","guid":{"rendered":"http:\/\/dev.inspithemes.com\/tiecxanh\/?page_id=6043"},"modified":"2023-08-16T02:29:00","modified_gmt":"2023-08-16T02:29:00","slug":"faq","status":"publish","type":"page","link":"http:\/\/dev.inspithemes.com\/tiecxanh\/faq\/","title":{"rendered":"FAQ"},"content":{"rendered":"\t\t<div data-elementor-type=\"wp-page\" data-elementor-id=\"6043\" class=\"elementor elementor-6043\">\n\t\t\t\t\t\t<section class=\"elementor-section elementor-top-section elementor-element elementor-element-b5c5b90 elementor-section-height-min-height elementor-section-stretched elementor-section-boxed elementor-section-height-default elementor-section-items-middle\" data-id=\"b5c5b90\" data-element_type=\"section\" data-settings=\"{&quot;stretch_section&quot;:&quot;section-stretched&quot;,&quot;background_background&quot;:&quot;classic&quot;}\">\n\t\t\t\t\t\t\t<div class=\"elementor-background-overlay\"><\/div>\n\t\t\t\t\t\t\t<div class=\"elementor-container elementor-column-gap-no\">\n\t\t\t\t\t<div class=\"elementor-column elementor-col-100 elementor-top-column elementor-element elementor-element-57724f3\" data-id=\"57724f3\" data-element_type=\"column\">\n\t\t\t<div class=\"elementor-widget-wrap elementor-element-populated\">\n\t\t\t\t\t\t<div class=\"elementor-element elementor-element-fca9e83 elementor-widget elementor-widget-heading\" data-id=\"fca9e83\" data-element_type=\"widget\" data-widget_type=\"heading.default\">\n\t\t\t\t<div class=\"elementor-widget-container\">\n\t\t\t<style>\/*! elementor - v3.21.0 - 26-05-2024 *\/\n.elementor-heading-title{padding:0;margin:0;line-height:1}.elementor-widget-heading .elementor-heading-title[class*=elementor-size-]>a{color:inherit;font-size:inherit;line-height:inherit}.elementor-widget-heading .elementor-heading-title.elementor-size-small{font-size:15px}.elementor-widget-heading .elementor-heading-title.elementor-size-medium{font-size:19px}.elementor-widget-heading .elementor-heading-title.elementor-size-large{font-size:29px}.elementor-widget-heading .elementor-heading-title.elementor-size-xl{font-size:39px}.elementor-widget-heading .elementor-heading-title.elementor-size-xxl{font-size:59px}<\/style><h4 class=\"elementor-heading-title elementor-size-default\">INFO<\/h4>\t\t<\/div>\n\t\t\t\t<\/div>\n\t\t\t\t<div class=\"elementor-element elementor-element-d212a2f elementor-widget elementor-widget-woocommerce-breadcrumb\" data-id=\"d212a2f\" data-element_type=\"widget\" data-widget_type=\"woocommerce-breadcrumb.default\">\n\t\t\t\t<div class=\"elementor-widget-container\">\n\t\t\t \t\t<\/div>\n\t\t\t\t<\/div>\n\t\t\t\t\t<\/div>\n\t\t<\/div>\n\t\t\t\t\t<\/div>\n\t\t<\/section>\n\t\t\t\t<section class=\"elementor-section elementor-top-section elementor-element elementor-element-1fa4bf4 elementor-section-stretched elementor-section-boxed elementor-section-height-default elementor-section-height-default\" data-id=\"1fa4bf4\" data-element_type=\"section\" data-settings=\"{&quot;stretch_section&quot;:&quot;section-stretched&quot;}\">\n\t\t\t\t\t\t<div class=\"elementor-container elementor-column-gap-no\">\n\t\t\t\t\t<div class=\"elementor-column elementor-col-50 elementor-top-column elementor-element elementor-element-5b8dd25\" data-id=\"5b8dd25\" data-element_type=\"column\">\n\t\t\t<div class=\"elementor-widget-wrap elementor-element-populated\">\n\t\t\t\t\t\t<div class=\"elementor-element elementor-element-0b41943 elementor-widget elementor-widget-heading\" data-id=\"0b41943\" data-element_type=\"widget\" data-widget_type=\"heading.default\">\n\t\t\t\t<div class=\"elementor-widget-container\">\n\t\t\t<h2 class=\"elementor-heading-title elementor-size-default\">D\u1ecbch v\u1ee5 c\u1ee7a ti\u1ec7c xanh<\/h2>\t\t<\/div>\n\t\t\t\t<\/div>\n\t\t\t\t<div class=\"elementor-element elementor-element-1b5b6a6 elementor-widget elementor-widget-heading\" data-id=\"1b5b6a6\" data-element_type=\"widget\" data-widget_type=\"heading.default\">\n\t\t\t\t<div class=\"elementor-widget-container\">\n\t\t\t<h2 class=\"elementor-heading-title elementor-size-default\">Thanh to\u00e1n\n<br>V\u1eadn chuy\u1ec3n<\/h2>\t\t<\/div>\n\t\t\t\t<\/div>\n\t\t\t\t\t<\/div>\n\t\t<\/div>\n\t\t\t\t<div class=\"elementor-column elementor-col-50 elementor-top-column elementor-element elementor-element-53011a2\" data-id=\"53011a2\" data-element_type=\"column\">\n\t\t\t<div class=\"elementor-widget-wrap elementor-element-populated\">\n\t\t\t\t\t\t<div class=\"elementor-element elementor-element-30adc46 style-theme-xocora-yes elementor-widget elementor-widget-accordion\" data-id=\"30adc46\" data-element_type=\"widget\" data-widget_type=\"accordion.default\">\n\t\t\t\t<div class=\"elementor-widget-container\">\n\t\t\t<style>.elementor-accordion{text-align:left}.elementor-accordion .elementor-accordion-item{border:1px solid #d5d8dc}.elementor-accordion .elementor-accordion-item+.elementor-accordion-item{border-top:none}.elementor-accordion .elementor-tab-title{margin:0;padding:15px 20px;font-weight:700;line-height:1;cursor:pointer;outline:none}.elementor-accordion .elementor-tab-title .elementor-accordion-icon{display:inline-block;width:1.5em}.elementor-accordion .elementor-tab-title .elementor-accordion-icon svg{width:1em;height:1em}.elementor-accordion .elementor-tab-title .elementor-accordion-icon.elementor-accordion-icon-right{float:right;text-align:right}.elementor-accordion .elementor-tab-title .elementor-accordion-icon.elementor-accordion-icon-left{float:left;text-align:left}.elementor-accordion .elementor-tab-title .elementor-accordion-icon .elementor-accordion-icon-closed{display:block}.elementor-accordion .elementor-tab-title .elementor-accordion-icon .elementor-accordion-icon-opened,.elementor-accordion .elementor-tab-title.elementor-active .elementor-accordion-icon-closed{display:none}.elementor-accordion .elementor-tab-title.elementor-active .elementor-accordion-icon-opened{display:block}.elementor-accordion .elementor-tab-content{display:none;padding:15px 20px;border-top:1px solid #d5d8dc}@media (max-width:767px){.elementor-accordion .elementor-tab-title{padding:12px 15px}.elementor-accordion .elementor-tab-title .elementor-accordion-icon{width:1.2em}.elementor-accordion .elementor-tab-content{padding:7px 15px}}.e-con-inner>.elementor-widget-accordion,.e-con>.elementor-widget-accordion{width:var(--container-widget-width);--flex-grow:var(--container-widget-flex-grow)}<\/style>\t\t<div class=\"elementor-accordion\">\n\t\t\t\t\t\t\t<div class=\"elementor-accordion-item\">\n\t\t\t\t\t<div id=\"elementor-tab-title-5101\" class=\"elementor-tab-title\" data-tab=\"1\" role=\"button\" aria-controls=\"elementor-tab-content-5101\" aria-expanded=\"false\">\n\t\t\t\t\t\t\t\t\t\t\t\t\t<span class=\"elementor-accordion-icon elementor-accordion-icon-right\" aria-hidden=\"true\">\n\t\t\t\t\t\t\t\t\t\t\t\t\t\t\t<span class=\"elementor-accordion-icon-closed\"><i class=\"fas fa-chevron-down\"><\/i><\/span>\n\t\t\t\t\t\t\t\t<span class=\"elementor-accordion-icon-opened\"><i class=\"fas fa-chevron-up\"><\/i><\/span>\n\t\t\t\t\t\t\t\t\t\t\t\t\t\t<\/span>\n\t\t\t\t\t\t\t\t\t\t\t\t<a class=\"elementor-accordion-title\" tabindex=\"0\">Quy \u0111\u1ecbnh v\u1ec1 h\u00ecnh th\u1ee9c thanh to\u00e1n<\/a>\n\t\t\t\t\t<\/div>\n\t\t\t\t\t<div id=\"elementor-tab-content-5101\" class=\"elementor-tab-content elementor-clearfix\" data-tab=\"1\" role=\"region\" aria-labelledby=\"elementor-tab-title-5101\"><p>C\u00e1c h\u00ecnh th\u1ee9c thanh to\u00e1n s\u1ebd \u0111\u01b0\u1ee3c th\u1ecfa thu\u1eadn tr\u1ef1c ti\u1ebfp khi \u0111\u1ea1t \u0111\u01b0\u1ee3c th\u1ed1ng nh\u1ea5t v\u1ec1 d\u1ecbch v\u1ee5 gi\u1eefa kh\u00e1ch h\u00e0ng v\u00e0 nh\u00e0 h\u00e0ng<\/p><\/div>\n\t\t\t\t<\/div>\n\t\t\t\t\t\t\t<div class=\"elementor-accordion-item\">\n\t\t\t\t\t<div id=\"elementor-tab-title-5102\" class=\"elementor-tab-title\" data-tab=\"2\" role=\"button\" aria-controls=\"elementor-tab-content-5102\" aria-expanded=\"false\">\n\t\t\t\t\t\t\t\t\t\t\t\t\t<span class=\"elementor-accordion-icon elementor-accordion-icon-right\" aria-hidden=\"true\">\n\t\t\t\t\t\t\t\t\t\t\t\t\t\t\t<span class=\"elementor-accordion-icon-closed\"><i class=\"fas fa-chevron-down\"><\/i><\/span>\n\t\t\t\t\t\t\t\t<span class=\"elementor-accordion-icon-opened\"><i class=\"fas fa-chevron-up\"><\/i><\/span>\n\t\t\t\t\t\t\t\t\t\t\t\t\t\t<\/span>\n\t\t\t\t\t\t\t\t\t\t\t\t<a class=\"elementor-accordion-title\" tabindex=\"0\">Ch\u00ednh s\u00e1ch v\u1eadn chuy\u1ec3n \/ giao nh\u1eadn<\/a>\n\t\t\t\t\t<\/div>\n\t\t\t\t\t<div id=\"elementor-tab-content-5102\" class=\"elementor-tab-content elementor-clearfix\" data-tab=\"2\" role=\"region\" aria-labelledby=\"elementor-tab-title-5102\"><p>C\u00e1c ph\u01b0\u01a1ng th\u1ee9c giao h\u00e0ng ho\u1eb7c cung \u1ee9ng d\u1ecbch v\u1ee5 s\u1ebd \u0111\u01b0\u1ee3c th\u1ecfa thu\u1eadn tr\u1ef1c ti\u1ebfp khi \u0111\u1ea1t \u0111\u01b0\u1ee3c th\u1ed1ng nh\u1ea5t v\u1ec1 d\u1ecbch v\u1ee5 gi\u1eefa kh\u00e1ch h\u00e0ng v\u00e0 nh\u00e0 h\u00e0ng<\/p><\/div>\n\t\t\t\t<\/div>\n\t\t\t\t\t\t\t<div class=\"elementor-accordion-item\">\n\t\t\t\t\t<div id=\"elementor-tab-title-5103\" class=\"elementor-tab-title\" data-tab=\"3\" role=\"button\" aria-controls=\"elementor-tab-content-5103\" aria-expanded=\"false\">\n\t\t\t\t\t\t\t\t\t\t\t\t\t<span class=\"elementor-accordion-icon elementor-accordion-icon-right\" aria-hidden=\"true\">\n\t\t\t\t\t\t\t\t\t\t\t\t\t\t\t<span class=\"elementor-accordion-icon-closed\"><i class=\"fas fa-chevron-down\"><\/i><\/span>\n\t\t\t\t\t\t\t\t<span class=\"elementor-accordion-icon-opened\"><i class=\"fas fa-chevron-up\"><\/i><\/span>\n\t\t\t\t\t\t\t\t\t\t\t\t\t\t<\/span>\n\t\t\t\t\t\t\t\t\t\t\t\t<a class=\"elementor-accordion-title\" tabindex=\"0\">Ch\u00ednh s\u00e1ch \u0111\u1ed5i \/ tr\u1ea3 h\u00e0ng v\u00e0 ho\u00e0n ti\u1ec1n<\/a>\n\t\t\t\t\t<\/div>\n\t\t\t\t\t<div id=\"elementor-tab-content-5103\" class=\"elementor-tab-content elementor-clearfix\" data-tab=\"3\" role=\"region\" aria-labelledby=\"elementor-tab-title-5103\"><main id=\"main\" class=\"\"><div id=\"content\" class=\"content-area\" role=\"main\"><section id=\"section_1432454833\" class=\"section\"><div class=\"section-content relative\"><div id=\"row-1894758995\" class=\"row\"><div id=\"col-1757075669\" class=\"col small-12 large-12\"><div class=\"col-inner\"><p>C\u00e1c chi\u0301nh sa\u0301ch v\u00ea\u0300 \u0111\u00f4\u0309i \u2013 tra\u0309 va\u0300 hoa\u0300n ti\u00ea\u0300n se\u0303 \u0111\u01b0\u01a1\u0323c thoa\u0309 thu\u00e2\u0323n tr\u01b0\u0323c ti\u00ea\u0301p khi \u0111a\u0323t \u0111\u01b0\u01a1\u0323c th\u00f4\u0301ng nh\u00e2\u0301t v\u00ea\u0300 di\u0323ch vu\u0323 gi\u01b0\u0303a kha\u0301ch ha\u0300ng va\u0300 nha\u0300 ha\u0300ng<\/p><\/div><\/div><\/div><\/div><\/section><\/div><\/main><footer id=\"footer\" class=\"footer-wrapper\"><section id=\"section_1046801466\" class=\"section custom-footer\"><\/section><\/footer><\/div>\n\t\t\t\t<\/div>\n\t\t\t\t\t\t\t\t<\/div>\n\t\t\t\t<\/div>\n\t\t\t\t<\/div>\n\t\t\t\t\t<\/div>\n\t\t<\/div>\n\t\t\t\t\t<\/div>\n\t\t<\/section>\n\t\t\t\t<\/div>\n\t\t","protected":false},"excerpt":{"rendered":"<p>INFO D\u1ecbch v\u1ee5 c\u1ee7a ti\u1ec7c xanh Thanh to\u00e1n V\u1eadn chuy\u1ec3n Quy \u0111\u1ecbnh v\u1ec1 h\u00ecnh th\u1ee9c thanh to\u00e1n C\u00e1c h\u00ecnh th\u1ee9c thanh to\u00e1n s\u1ebd \u0111\u01b0\u1ee3c th\u1ecfa thu\u1eadn tr\u1ef1c ti\u1ebfp khi \u0111\u1ea1t \u0111\u01b0\u1ee3c th\u1ed1ng nh\u1ea5t v\u1ec1 d\u1ecbch v\u1ee5 gi\u1eefa kh\u00e1ch h\u00e0ng v\u00e0 nh\u00e0 h\u00e0ng Ch\u00ednh s\u00e1ch v\u1eadn chuy\u1ec3n \/ giao nh\u1eadn C\u00e1c ph\u01b0\u01a1ng th\u1ee9c giao h\u00e0ng ho\u1eb7c [&hellip;]<\/p>\n","protected":false},"author":1,"featured_media":0,"parent":0,"menu_order":0,"comment_status":"closed","ping_status":"closed","template":"template-homepage.php","meta":{"footnotes":""},"_links":{"self":[{"href":"http:\/\/dev.inspithemes.com\/tiecxanh\/wp-json\/wp\/v2\/pages\/6043"}],"collection":[{"href":"http:\/\/dev.inspithemes.com\/tiecxanh\/wp-json\/wp\/v2\/pages"}],"about":[{"href":"http:\/\/dev.inspithemes.com\/tiecxanh\/wp-json\/wp\/v2\/types\/page"}],"author":[{"embeddable":true,"href":"http:\/\/dev.inspithemes.com\/tiecxanh\/wp-json\/wp\/v2\/users\/1"}],"replies":[{"embeddable":true,"href":"http:\/\/dev.inspithemes.com\/tiecxanh\/wp-json\/wp\/v2\/comments?post=6043"}],"version-history":[{"count":18,"href":"http:\/\/dev.inspithemes.com\/tiecxanh\/wp-json\/wp\/v2\/pages\/6043\/revisions"}],"predecessor-version":[{"id":11459,"href":"http:\/\/dev.inspithemes.com\/tiecxanh\/wp-json\/wp\/v2\/pages\/6043\/revisions\/11459"}],"wp:attachment":[{"href":"http:\/\/dev.inspithemes.com\/tiecxanh\/wp-json\/wp\/v2\/media?parent=6043"}],"curies":[{"name":"wp","href":"https:\/\/api.w.org\/{rel}","templated":true}]}}