{"id":10857,"date":"2023-07-10T13:42:44","date_gmt":"2023-07-10T13:42:44","guid":{"rendered":"http:\/\/dev.inspithemes.com\/tiecxanh\/?post_type=product&#038;p=10857"},"modified":"2023-08-11T07:43:04","modified_gmt":"2023-08-11T07:43:04","slug":"salad-bap-cai-tim-bo-uc","status":"publish","type":"product","link":"http:\/\/dev.inspithemes.com\/tiecxanh\/product\/salad-bap-cai-tim-bo-uc\/","title":{"rendered":"Salad b\u1eafp c\u1ea3i t\u00edm B\u00f2 \u00fac"},"content":{"rendered":"","protected":false},"excerpt":{"rendered":"","protected":false},"featured_media":11434,"template":"","meta":[],"product_cat":[82,103,83],"product_tag":[],"_links":{"self":[{"href":"http:\/\/dev.inspithemes.com\/tiecxanh\/wp-json\/wp\/v2\/product\/10857"}],"collection":[{"href":"http:\/\/dev.inspithemes.com\/tiecxanh\/wp-json\/wp\/v2\/product"}],"about":[{"href":"http:\/\/dev.inspithemes.com\/tiecxanh\/wp-json\/wp\/v2\/types\/product"}],"version-history":[{"count":2,"href":"http:\/\/dev.inspithemes.com\/tiecxanh\/wp-json\/wp\/v2\/product\/10857\/revisions"}],"predecessor-version":[{"id":11433,"href":"http:\/\/dev.inspithemes.com\/tiecxanh\/wp-json\/wp\/v2\/product\/10857\/revisions\/11433"}],"wp:featuredmedia":[{"embeddable":true,"href":"http:\/\/dev.inspithemes.com\/tiecxanh\/wp-json\/wp\/v2\/media\/11434"}],"wp:attachment":[{"href":"http:\/\/dev.inspithemes.com\/tiecxanh\/wp-json\/wp\/v2\/media?parent=10857"}],"wp:term":[{"taxonomy":"product_cat","embeddable":true,"href":"http:\/\/dev.inspithemes.com\/tiecxanh\/wp-json\/wp\/v2\/product_cat?post=10857"},{"taxonomy":"product_tag","embeddable":true,"href":"http:\/\/dev.inspithemes.com\/tiecxanh\/wp-json\/wp\/v2\/product_tag?post=10857"}],"curies":[{"name":"wp","href":"https:\/\/api.w.org\/{rel}","templated":true}]}}