{"id":10868,"date":"2023-07-10T13:46:27","date_gmt":"2023-07-10T13:46:27","guid":{"rendered":"http:\/\/dev.inspithemes.com\/tiecxanh\/?post_type=product&#038;p=10868"},"modified":"2023-08-11T07:39:40","modified_gmt":"2023-08-11T07:39:40","slug":"salad-diep-ca-tom-kho","status":"publish","type":"product","link":"http:\/\/dev.inspithemes.com\/tiecxanh\/product\/salad-diep-ca-tom-kho\/","title":{"rendered":"Salad di\u1ebfp c\u00e1 t\u00f4m kh\u00f4"},"content":{"rendered":"","protected":false},"excerpt":{"rendered":"","protected":false},"featured_media":11427,"template":"","meta":[],"product_cat":[82,103,83],"product_tag":[],"_links":{"self":[{"href":"http:\/\/dev.inspithemes.com\/tiecxanh\/wp-json\/wp\/v2\/product\/10868"}],"collection":[{"href":"http:\/\/dev.inspithemes.com\/tiecxanh\/wp-json\/wp\/v2\/product"}],"about":[{"href":"http:\/\/dev.inspithemes.com\/tiecxanh\/wp-json\/wp\/v2\/types\/product"}],"version-history":[{"count":1,"href":"http:\/\/dev.inspithemes.com\/tiecxanh\/wp-json\/wp\/v2\/product\/10868\/revisions"}],"predecessor-version":[{"id":10869,"href":"http:\/\/dev.inspithemes.com\/tiecxanh\/wp-json\/wp\/v2\/product\/10868\/revisions\/10869"}],"wp:featuredmedia":[{"embeddable":true,"href":"http:\/\/dev.inspithemes.com\/tiecxanh\/wp-json\/wp\/v2\/media\/11427"}],"wp:attachment":[{"href":"http:\/\/dev.inspithemes.com\/tiecxanh\/wp-json\/wp\/v2\/media?parent=10868"}],"wp:term":[{"taxonomy":"product_cat","embeddable":true,"href":"http:\/\/dev.inspithemes.com\/tiecxanh\/wp-json\/wp\/v2\/product_cat?post=10868"},{"taxonomy":"product_tag","embeddable":true,"href":"http:\/\/dev.inspithemes.com\/tiecxanh\/wp-json\/wp\/v2\/product_tag?post=10868"}],"curies":[{"name":"wp","href":"https:\/\/api.w.org\/{rel}","templated":true}]}}