{"id":10903,"date":"2023-07-10T14:03:47","date_gmt":"2023-07-10T14:03:47","guid":{"rendered":"http:\/\/dev.inspithemes.com\/tiecxanh\/?post_type=product&#038;p=10903"},"modified":"2023-08-22T07:46:50","modified_gmt":"2023-08-22T07:46:50","slug":"soup-so-diep-voi-nam-dong-co","status":"publish","type":"product","link":"http:\/\/dev.inspithemes.com\/tiecxanh\/product\/soup-so-diep-voi-nam-dong-co\/","title":{"rendered":"Soup s\u00f2 \u0111i\u1ec7p v\u1edbi n\u1ea5m \u0111\u00f4ng c\u00f4"},"content":{"rendered":"","protected":false},"excerpt":{"rendered":"","protected":false},"featured_media":11549,"template":"","meta":[],"product_cat":[82,103,84],"product_tag":[],"_links":{"self":[{"href":"http:\/\/dev.inspithemes.com\/tiecxanh\/wp-json\/wp\/v2\/product\/10903"}],"collection":[{"href":"http:\/\/dev.inspithemes.com\/tiecxanh\/wp-json\/wp\/v2\/product"}],"about":[{"href":"http:\/\/dev.inspithemes.com\/tiecxanh\/wp-json\/wp\/v2\/types\/product"}],"version-history":[{"count":1,"href":"http:\/\/dev.inspithemes.com\/tiecxanh\/wp-json\/wp\/v2\/product\/10903\/revisions"}],"predecessor-version":[{"id":10904,"href":"http:\/\/dev.inspithemes.com\/tiecxanh\/wp-json\/wp\/v2\/product\/10903\/revisions\/10904"}],"wp:featuredmedia":[{"embeddable":true,"href":"http:\/\/dev.inspithemes.com\/tiecxanh\/wp-json\/wp\/v2\/media\/11549"}],"wp:attachment":[{"href":"http:\/\/dev.inspithemes.com\/tiecxanh\/wp-json\/wp\/v2\/media?parent=10903"}],"wp:term":[{"taxonomy":"product_cat","embeddable":true,"href":"http:\/\/dev.inspithemes.com\/tiecxanh\/wp-json\/wp\/v2\/product_cat?post=10903"},{"taxonomy":"product_tag","embeddable":true,"href":"http:\/\/dev.inspithemes.com\/tiecxanh\/wp-json\/wp\/v2\/product_tag?post=10903"}],"curies":[{"name":"wp","href":"https:\/\/api.w.org\/{rel}","templated":true}]}}