{"id":10923,"date":"2023-07-10T14:14:44","date_gmt":"2023-07-10T14:14:44","guid":{"rendered":"http:\/\/dev.inspithemes.com\/tiecxanh\/?post_type=product&#038;p=10923"},"modified":"2023-08-24T08:37:58","modified_gmt":"2023-08-24T08:37:58","slug":"soup-bao-ngu-nam-dong-co-bn-uc","status":"publish","type":"product","link":"http:\/\/dev.inspithemes.com\/tiecxanh\/product\/soup-bao-ngu-nam-dong-co-bn-uc\/","title":{"rendered":"Soup b\u00e0o ng\u01b0 n\u1ea5m \u0111\u00f4ng c\u00f4 BN \u00daC"},"content":{"rendered":"","protected":false},"excerpt":{"rendered":"","protected":false},"featured_media":11621,"template":"","meta":[],"product_cat":[82,103,84],"product_tag":[],"_links":{"self":[{"href":"http:\/\/dev.inspithemes.com\/tiecxanh\/wp-json\/wp\/v2\/product\/10923"}],"collection":[{"href":"http:\/\/dev.inspithemes.com\/tiecxanh\/wp-json\/wp\/v2\/product"}],"about":[{"href":"http:\/\/dev.inspithemes.com\/tiecxanh\/wp-json\/wp\/v2\/types\/product"}],"version-history":[{"count":1,"href":"http:\/\/dev.inspithemes.com\/tiecxanh\/wp-json\/wp\/v2\/product\/10923\/revisions"}],"predecessor-version":[{"id":10924,"href":"http:\/\/dev.inspithemes.com\/tiecxanh\/wp-json\/wp\/v2\/product\/10923\/revisions\/10924"}],"wp:featuredmedia":[{"embeddable":true,"href":"http:\/\/dev.inspithemes.com\/tiecxanh\/wp-json\/wp\/v2\/media\/11621"}],"wp:attachment":[{"href":"http:\/\/dev.inspithemes.com\/tiecxanh\/wp-json\/wp\/v2\/media?parent=10923"}],"wp:term":[{"taxonomy":"product_cat","embeddable":true,"href":"http:\/\/dev.inspithemes.com\/tiecxanh\/wp-json\/wp\/v2\/product_cat?post=10923"},{"taxonomy":"product_tag","embeddable":true,"href":"http:\/\/dev.inspithemes.com\/tiecxanh\/wp-json\/wp\/v2\/product_tag?post=10923"}],"curies":[{"name":"wp","href":"https:\/\/api.w.org\/{rel}","templated":true}]}}