{"id":11072,"date":"2023-07-19T09:16:16","date_gmt":"2023-07-19T09:16:16","guid":{"rendered":"http:\/\/dev.inspithemes.com\/tiecxanh\/?post_type=product&#038;p=11072"},"modified":"2023-08-11T07:07:10","modified_gmt":"2023-08-11T07:07:10","slug":"bo-xao-mang-truc-2","status":"publish","type":"product","link":"http:\/\/dev.inspithemes.com\/tiecxanh\/product\/bo-xao-mang-truc-2\/","title":{"rendered":"B\u00f2 x\u00e0o m\u0103ng tr\u00fac"},"content":{"rendered":"","protected":false},"excerpt":{"rendered":"","protected":false},"featured_media":11382,"template":"","meta":[],"product_cat":[89,82,100],"product_tag":[],"_links":{"self":[{"href":"http:\/\/dev.inspithemes.com\/tiecxanh\/wp-json\/wp\/v2\/product\/11072"}],"collection":[{"href":"http:\/\/dev.inspithemes.com\/tiecxanh\/wp-json\/wp\/v2\/product"}],"about":[{"href":"http:\/\/dev.inspithemes.com\/tiecxanh\/wp-json\/wp\/v2\/types\/product"}],"version-history":[{"count":1,"href":"http:\/\/dev.inspithemes.com\/tiecxanh\/wp-json\/wp\/v2\/product\/11072\/revisions"}],"predecessor-version":[{"id":11073,"href":"http:\/\/dev.inspithemes.com\/tiecxanh\/wp-json\/wp\/v2\/product\/11072\/revisions\/11073"}],"wp:featuredmedia":[{"embeddable":true,"href":"http:\/\/dev.inspithemes.com\/tiecxanh\/wp-json\/wp\/v2\/media\/11382"}],"wp:attachment":[{"href":"http:\/\/dev.inspithemes.com\/tiecxanh\/wp-json\/wp\/v2\/media?parent=11072"}],"wp:term":[{"taxonomy":"product_cat","embeddable":true,"href":"http:\/\/dev.inspithemes.com\/tiecxanh\/wp-json\/wp\/v2\/product_cat?post=11072"},{"taxonomy":"product_tag","embeddable":true,"href":"http:\/\/dev.inspithemes.com\/tiecxanh\/wp-json\/wp\/v2\/product_tag?post=11072"}],"curies":[{"name":"wp","href":"https:\/\/api.w.org\/{rel}","templated":true}]}}