{"id":11137,"date":"2023-07-19T09:51:59","date_gmt":"2023-07-19T09:51:59","guid":{"rendered":"http:\/\/dev.inspithemes.com\/tiecxanh\/?post_type=product&#038;p=11137"},"modified":"2023-08-11T07:07:59","modified_gmt":"2023-08-11T07:07:59","slug":"mang-tay-xao-bo","status":"publish","type":"product","link":"http:\/\/dev.inspithemes.com\/tiecxanh\/product\/mang-tay-xao-bo\/","title":{"rendered":"M\u0103ng t\u00e2y x\u00e0o b\u00f2"},"content":{"rendered":"","protected":false},"excerpt":{"rendered":"","protected":false},"featured_media":11384,"template":"","meta":[],"product_cat":[82,100,97],"product_tag":[],"_links":{"self":[{"href":"http:\/\/dev.inspithemes.com\/tiecxanh\/wp-json\/wp\/v2\/product\/11137"}],"collection":[{"href":"http:\/\/dev.inspithemes.com\/tiecxanh\/wp-json\/wp\/v2\/product"}],"about":[{"href":"http:\/\/dev.inspithemes.com\/tiecxanh\/wp-json\/wp\/v2\/types\/product"}],"version-history":[{"count":1,"href":"http:\/\/dev.inspithemes.com\/tiecxanh\/wp-json\/wp\/v2\/product\/11137\/revisions"}],"predecessor-version":[{"id":11138,"href":"http:\/\/dev.inspithemes.com\/tiecxanh\/wp-json\/wp\/v2\/product\/11137\/revisions\/11138"}],"wp:featuredmedia":[{"embeddable":true,"href":"http:\/\/dev.inspithemes.com\/tiecxanh\/wp-json\/wp\/v2\/media\/11384"}],"wp:attachment":[{"href":"http:\/\/dev.inspithemes.com\/tiecxanh\/wp-json\/wp\/v2\/media?parent=11137"}],"wp:term":[{"taxonomy":"product_cat","embeddable":true,"href":"http:\/\/dev.inspithemes.com\/tiecxanh\/wp-json\/wp\/v2\/product_cat?post=11137"},{"taxonomy":"product_tag","embeddable":true,"href":"http:\/\/dev.inspithemes.com\/tiecxanh\/wp-json\/wp\/v2\/product_tag?post=11137"}],"curies":[{"name":"wp","href":"https:\/\/api.w.org\/{rel}","templated":true}]}}