{"id":11165,"date":"2023-07-19T10:01:17","date_gmt":"2023-07-19T10:01:17","guid":{"rendered":"http:\/\/dev.inspithemes.com\/tiecxanh\/?post_type=product&#038;p=11165"},"modified":"2023-08-24T04:21:00","modified_gmt":"2023-08-24T04:21:00","slug":"tom-hum-bong-sz-1-3-1-6kg","status":"publish","type":"product","link":"http:\/\/dev.inspithemes.com\/tiecxanh\/product\/tom-hum-bong-sz-1-3-1-6kg\/","title":{"rendered":"T\u00f4m h\u00f9m b\u00f4ng (sz 1.3 &#8211; 1.6kg)"},"content":{"rendered":"","protected":false},"excerpt":{"rendered":"<ul>\n<li>Sashimi<\/li>\n<li>H\u1ea5p r\u01b0\u1ee3u vang tr\u1eafng<\/li>\n<li>Chi\u00ean s\u1ed1t b\u01a1 t\u1ecfi<\/li>\n<li>N\u01b0\u1edbng m\u1ecdi<\/li>\n<li>Rang mu\u1ed1i<\/li>\n<li>B\u1ecf l\u00f2 phomai<\/li>\n<li>Canh chua<\/li>\n<li>N\u1ea5u ch\u00e1o<\/li>\n<li>L\u1ea9u Th\u00e1i<\/li>\n<li>Ti\u1ebft canh<\/li>\n<\/ul>\n","protected":false},"featured_media":11609,"template":"","meta":[],"product_cat":[82,98,100],"product_tag":[],"_links":{"self":[{"href":"http:\/\/dev.inspithemes.com\/tiecxanh\/wp-json\/wp\/v2\/product\/11165"}],"collection":[{"href":"http:\/\/dev.inspithemes.com\/tiecxanh\/wp-json\/wp\/v2\/product"}],"about":[{"href":"http:\/\/dev.inspithemes.com\/tiecxanh\/wp-json\/wp\/v2\/types\/product"}],"version-history":[{"count":1,"href":"http:\/\/dev.inspithemes.com\/tiecxanh\/wp-json\/wp\/v2\/product\/11165\/revisions"}],"predecessor-version":[{"id":11166,"href":"http:\/\/dev.inspithemes.com\/tiecxanh\/wp-json\/wp\/v2\/product\/11165\/revisions\/11166"}],"wp:featuredmedia":[{"embeddable":true,"href":"http:\/\/dev.inspithemes.com\/tiecxanh\/wp-json\/wp\/v2\/media\/11609"}],"wp:attachment":[{"href":"http:\/\/dev.inspithemes.com\/tiecxanh\/wp-json\/wp\/v2\/media?parent=11165"}],"wp:term":[{"taxonomy":"product_cat","embeddable":true,"href":"http:\/\/dev.inspithemes.com\/tiecxanh\/wp-json\/wp\/v2\/product_cat?post=11165"},{"taxonomy":"product_tag","embeddable":true,"href":"http:\/\/dev.inspithemes.com\/tiecxanh\/wp-json\/wp\/v2\/product_tag?post=11165"}],"curies":[{"name":"wp","href":"https:\/\/api.w.org\/{rel}","templated":true}]}}