{"id":11193,"date":"2023-07-19T10:15:05","date_gmt":"2023-07-19T10:15:05","guid":{"rendered":"http:\/\/dev.inspithemes.com\/tiecxanh\/?post_type=product&#038;p=11193"},"modified":"2023-08-23T09:34:32","modified_gmt":"2023-08-23T09:34:32","slug":"ca-bo-giap","status":"publish","type":"product","link":"http:\/\/dev.inspithemes.com\/tiecxanh\/product\/ca-bo-giap\/","title":{"rendered":"C\u00e1 b\u00f2 gi\u00e1p"},"content":{"rendered":"","protected":false},"excerpt":{"rendered":"<ul>\n<li>Sashimi<\/li>\n<li>N\u01b0\u1edbng mu\u1ed1i \u1edbt<\/li>\n<li>Om c\u00e0 t\u00edm<\/li>\n<li>Om m\u0103ng cay<\/li>\n<li>N\u01b0\u1edbng m\u1ecdi<\/li>\n<li>N\u01b0\u1edbng m\u1ebb<\/li>\n<li>L\u1ea9u<\/li>\n<li>Canh chua<\/li>\n<li>Ch\u00e1o<\/li>\n<\/ul>\n","protected":false},"featured_media":11592,"template":"","meta":[],"product_cat":[82,98,100],"product_tag":[],"_links":{"self":[{"href":"http:\/\/dev.inspithemes.com\/tiecxanh\/wp-json\/wp\/v2\/product\/11193"}],"collection":[{"href":"http:\/\/dev.inspithemes.com\/tiecxanh\/wp-json\/wp\/v2\/product"}],"about":[{"href":"http:\/\/dev.inspithemes.com\/tiecxanh\/wp-json\/wp\/v2\/types\/product"}],"version-history":[{"count":1,"href":"http:\/\/dev.inspithemes.com\/tiecxanh\/wp-json\/wp\/v2\/product\/11193\/revisions"}],"predecessor-version":[{"id":11194,"href":"http:\/\/dev.inspithemes.com\/tiecxanh\/wp-json\/wp\/v2\/product\/11193\/revisions\/11194"}],"wp:featuredmedia":[{"embeddable":true,"href":"http:\/\/dev.inspithemes.com\/tiecxanh\/wp-json\/wp\/v2\/media\/11592"}],"wp:attachment":[{"href":"http:\/\/dev.inspithemes.com\/tiecxanh\/wp-json\/wp\/v2\/media?parent=11193"}],"wp:term":[{"taxonomy":"product_cat","embeddable":true,"href":"http:\/\/dev.inspithemes.com\/tiecxanh\/wp-json\/wp\/v2\/product_cat?post=11193"},{"taxonomy":"product_tag","embeddable":true,"href":"http:\/\/dev.inspithemes.com\/tiecxanh\/wp-json\/wp\/v2\/product_tag?post=11193"}],"curies":[{"name":"wp","href":"https:\/\/api.w.org\/{rel}","templated":true}]}}