{"id":11197,"date":"2023-07-19T10:18:30","date_gmt":"2023-07-19T10:18:30","guid":{"rendered":"http:\/\/dev.inspithemes.com\/tiecxanh\/?post_type=product&#038;p=11197"},"modified":"2023-08-24T03:38:08","modified_gmt":"2023-08-24T03:38:08","slug":"voi-voi-canada","status":"publish","type":"product","link":"http:\/\/dev.inspithemes.com\/tiecxanh\/product\/voi-voi-canada\/","title":{"rendered":"V\u00f2i voi Canada"},"content":{"rendered":"","protected":false},"excerpt":{"rendered":"<ul>\n<li>Sashimi<\/li>\n<li>X\u00e0o h\u00e0nh r\u0103m<\/li>\n<li>N\u1ea5u ch\u00e1o<\/li>\n<\/ul>\n","protected":false},"featured_media":11598,"template":"","meta":[],"product_cat":[82,98,100],"product_tag":[],"_links":{"self":[{"href":"http:\/\/dev.inspithemes.com\/tiecxanh\/wp-json\/wp\/v2\/product\/11197"}],"collection":[{"href":"http:\/\/dev.inspithemes.com\/tiecxanh\/wp-json\/wp\/v2\/product"}],"about":[{"href":"http:\/\/dev.inspithemes.com\/tiecxanh\/wp-json\/wp\/v2\/types\/product"}],"version-history":[{"count":1,"href":"http:\/\/dev.inspithemes.com\/tiecxanh\/wp-json\/wp\/v2\/product\/11197\/revisions"}],"predecessor-version":[{"id":11198,"href":"http:\/\/dev.inspithemes.com\/tiecxanh\/wp-json\/wp\/v2\/product\/11197\/revisions\/11198"}],"wp:featuredmedia":[{"embeddable":true,"href":"http:\/\/dev.inspithemes.com\/tiecxanh\/wp-json\/wp\/v2\/media\/11598"}],"wp:attachment":[{"href":"http:\/\/dev.inspithemes.com\/tiecxanh\/wp-json\/wp\/v2\/media?parent=11197"}],"wp:term":[{"taxonomy":"product_cat","embeddable":true,"href":"http:\/\/dev.inspithemes.com\/tiecxanh\/wp-json\/wp\/v2\/product_cat?post=11197"},{"taxonomy":"product_tag","embeddable":true,"href":"http:\/\/dev.inspithemes.com\/tiecxanh\/wp-json\/wp\/v2\/product_tag?post=11197"}],"curies":[{"name":"wp","href":"https:\/\/api.w.org\/{rel}","templated":true}]}}