{"id":11231,"date":"2023-07-20T02:01:35","date_gmt":"2023-07-20T02:01:35","guid":{"rendered":"http:\/\/dev.inspithemes.com\/tiecxanh\/?post_type=product&#038;p=11231"},"modified":"2023-09-13T03:40:47","modified_gmt":"2023-09-13T03:40:47","slug":"set-goi-y-2","status":"publish","type":"product","link":"http:\/\/dev.inspithemes.com\/tiecxanh\/product\/set-goi-y-2\/","title":{"rendered":"Set G\u1ee3i \u00dd 2"},"content":{"rendered":"","protected":false},"excerpt":{"rendered":"<p>M\u00f3n C\u00e1 l\u00f3c ch\u1ebf bi\u1ebfn: C\u00e1 l\u00f3c n\u01b0\u1edbng l\u00e1 chu\u1ed1i<\/p>\n","protected":false},"featured_media":11685,"template":"","meta":[],"product_cat":[82,105],"product_tag":[],"_links":{"self":[{"href":"http:\/\/dev.inspithemes.com\/tiecxanh\/wp-json\/wp\/v2\/product\/11231"}],"collection":[{"href":"http:\/\/dev.inspithemes.com\/tiecxanh\/wp-json\/wp\/v2\/product"}],"about":[{"href":"http:\/\/dev.inspithemes.com\/tiecxanh\/wp-json\/wp\/v2\/types\/product"}],"version-history":[{"count":2,"href":"http:\/\/dev.inspithemes.com\/tiecxanh\/wp-json\/wp\/v2\/product\/11231\/revisions"}],"predecessor-version":[{"id":11235,"href":"http:\/\/dev.inspithemes.com\/tiecxanh\/wp-json\/wp\/v2\/product\/11231\/revisions\/11235"}],"wp:featuredmedia":[{"embeddable":true,"href":"http:\/\/dev.inspithemes.com\/tiecxanh\/wp-json\/wp\/v2\/media\/11685"}],"wp:attachment":[{"href":"http:\/\/dev.inspithemes.com\/tiecxanh\/wp-json\/wp\/v2\/media?parent=11231"}],"wp:term":[{"taxonomy":"product_cat","embeddable":true,"href":"http:\/\/dev.inspithemes.com\/tiecxanh\/wp-json\/wp\/v2\/product_cat?post=11231"},{"taxonomy":"product_tag","embeddable":true,"href":"http:\/\/dev.inspithemes.com\/tiecxanh\/wp-json\/wp\/v2\/product_tag?post=11231"}],"curies":[{"name":"wp","href":"https:\/\/api.w.org\/{rel}","templated":true}]}}