{"id":11252,"date":"2023-07-20T02:27:16","date_gmt":"2023-07-20T02:27:16","guid":{"rendered":"http:\/\/dev.inspithemes.com\/tiecxanh\/?post_type=product&#038;p=11252"},"modified":"2023-08-22T08:48:53","modified_gmt":"2023-08-22T08:48:53","slug":"oc-nu-hoang","status":"publish","type":"product","link":"http:\/\/dev.inspithemes.com\/tiecxanh\/product\/oc-nu-hoang\/","title":{"rendered":"\u1ed0c n\u1eef ho\u00e0ng"},"content":{"rendered":"","protected":false},"excerpt":{"rendered":"<ul>\n<li>X\u00e0o h\u00e0nh r\u0103m<\/li>\n<li>X\u00e0o s\u1ed1t X.O<\/li>\n<li>X\u00e0o s\u1ed1t b\u01a1 t\u1ecfi<\/li>\n<li>Sashimi<\/li>\n<\/ul>\n","protected":false},"featured_media":11572,"template":"","meta":[],"product_cat":[82,98,100],"product_tag":[],"_links":{"self":[{"href":"http:\/\/dev.inspithemes.com\/tiecxanh\/wp-json\/wp\/v2\/product\/11252"}],"collection":[{"href":"http:\/\/dev.inspithemes.com\/tiecxanh\/wp-json\/wp\/v2\/product"}],"about":[{"href":"http:\/\/dev.inspithemes.com\/tiecxanh\/wp-json\/wp\/v2\/types\/product"}],"version-history":[{"count":1,"href":"http:\/\/dev.inspithemes.com\/tiecxanh\/wp-json\/wp\/v2\/product\/11252\/revisions"}],"predecessor-version":[{"id":11253,"href":"http:\/\/dev.inspithemes.com\/tiecxanh\/wp-json\/wp\/v2\/product\/11252\/revisions\/11253"}],"wp:featuredmedia":[{"embeddable":true,"href":"http:\/\/dev.inspithemes.com\/tiecxanh\/wp-json\/wp\/v2\/media\/11572"}],"wp:attachment":[{"href":"http:\/\/dev.inspithemes.com\/tiecxanh\/wp-json\/wp\/v2\/media?parent=11252"}],"wp:term":[{"taxonomy":"product_cat","embeddable":true,"href":"http:\/\/dev.inspithemes.com\/tiecxanh\/wp-json\/wp\/v2\/product_cat?post=11252"},{"taxonomy":"product_tag","embeddable":true,"href":"http:\/\/dev.inspithemes.com\/tiecxanh\/wp-json\/wp\/v2\/product_tag?post=11252"}],"curies":[{"name":"wp","href":"https:\/\/api.w.org\/{rel}","templated":true}]}}